{"id":3347,"date":"2026-02-06T11:21:05","date_gmt":"2026-02-06T09:21:05","guid":{"rendered":"https:\/\/rosetamauri.org\/?page_id=3347"},"modified":"2026-02-24T16:16:36","modified_gmt":"2026-02-24T14:16:36","slug":"ven-como-publico","status":"publish","type":"page","link":"https:\/\/rosetamauri.org\/es\/ven-como-publico\/","title":{"rendered":"Ven de p\u00fablico"},"content":{"rendered":"\t\t<div data-elementor-type=\"wp-page\" data-elementor-id=\"3347\" class=\"elementor elementor-3347 elementor-3346\" data-elementor-post-type=\"page\">\n\t\t\t\t<div class=\"elementor-element elementor-element-efc4a9c e-con-full e-flex e-con e-parent\" data-id=\"efc4a9c\" data-element_type=\"container\" data-e-type=\"container\">\n\t\t\t\t<div class=\"elementor-element elementor-element-c8684ce elementor-widget elementor-widget-heading\" data-id=\"c8684ce\" data-element_type=\"widget\" data-e-type=\"widget\" data-widget_type=\"heading.default\">\n\t\t\t\t\t<h1 class=\"elementor-heading-title elementor-size-default\">Ven de p\u00fablico<\/h1>\t\t\t\t<\/div>\n\t\t\t\t<div class=\"elementor-element elementor-element-176c6d7 elementor-widget elementor-widget-image\" data-id=\"176c6d7\" data-element_type=\"widget\" data-e-type=\"widget\" data-widget_type=\"image.default\">\n\t\t\t\t\t\t\t\t\t\t\t\t\t\t\t<img fetchpriority=\"high\" decoding=\"async\" width=\"1282\" height=\"856\" src=\"https:\/\/rosetamauri.org\/wp-content\/uploads\/2025\/11\/Captura-de-pantalla-2025-11-11-a-les-13.05.38.png\" class=\"attachment-full size-full wp-image-3025\" alt=\"\" srcset=\"https:\/\/rosetamauri.org\/wp-content\/uploads\/2025\/11\/Captura-de-pantalla-2025-11-11-a-les-13.05.38.png 1282w, https:\/\/rosetamauri.org\/wp-content\/uploads\/2025\/11\/Captura-de-pantalla-2025-11-11-a-les-13.05.38-300x200.png 300w, https:\/\/rosetamauri.org\/wp-content\/uploads\/2025\/11\/Captura-de-pantalla-2025-11-11-a-les-13.05.38-1024x684.png 1024w, https:\/\/rosetamauri.org\/wp-content\/uploads\/2025\/11\/Captura-de-pantalla-2025-11-11-a-les-13.05.38-768x513.png 768w\" sizes=\"(max-width: 1282px) 100vw, 1282px\" \/>\t\t\t\t\t\t\t\t\t\t\t\t\t\t\t<\/div>\n\t\t\t\t<\/div>\n\t\t<div class=\"elementor-element elementor-element-08a9ce8 e-flex e-con-boxed e-con e-parent\" data-id=\"08a9ce8\" data-element_type=\"container\" data-e-type=\"container\">\n\t\t\t\t\t<div class=\"e-con-inner\">\n\t\t\t\t<div class=\"elementor-element elementor-element-dc0f83e elementor-widget__width-initial elementor-widget elementor-widget-text-editor\" data-id=\"dc0f83e\" data-element_type=\"widget\" data-e-type=\"widget\" data-widget_type=\"text-editor.default\">\n\t\t\t\t\t\t\t\t\t<p><strong>12, 13 y 14 de marzo de 2026, en el Teatre Fortuny<\/strong><br>\u00a1Disfruta de la danza y emoci\u00f3nate con el concurso!<\/p>\t\t\t\t\t\t\t\t<\/div>\n\t\t\t\t\t<\/div>\n\t\t\t\t<\/div>\n\t\t<div class=\"elementor-element elementor-element-924d2f2 e-flex e-con-boxed e-con e-parent\" data-id=\"924d2f2\" data-element_type=\"container\" data-e-type=\"container\">\n\t\t\t\t\t<div class=\"e-con-inner\">\n\t\t<div class=\"elementor-element elementor-element-c4d3f7c e-con-full e-flex e-con e-child\" data-id=\"c4d3f7c\" data-element_type=\"container\" data-e-type=\"container\">\n\t\t\t\t<div class=\"elementor-element elementor-element-03e8185 elementor-widget elementor-widget-heading\" data-id=\"03e8185\" data-element_type=\"widget\" data-e-type=\"widget\" data-widget_type=\"heading.default\">\n\t\t\t\t\t<h2 class=\"elementor-heading-title elementor-size-default\">Semifinal y final<\/h2>\t\t\t\t<\/div>\n\t\t\t\t<div class=\"elementor-element elementor-element-3980523 elementor-widget elementor-widget-heading\" data-id=\"3980523\" data-element_type=\"widget\" data-e-type=\"widget\" data-widget_type=\"heading.default\">\n\t\t\t\t\t<h3 class=\"elementor-heading-title elementor-size-default\">Abiertas al p\u00fablico<\/h3>\t\t\t\t<\/div>\n\t\t\t\t<div class=\"elementor-element elementor-element-4ee296d elementor-widget elementor-widget-text-editor\" data-id=\"4ee296d\" data-element_type=\"widget\" data-e-type=\"widget\" data-widget_type=\"text-editor.default\">\n\t\t\t\t\t\t\t\t\t<p>La entrada es gratuita y no es necesario inscribirse. \u00a1Ven! <\/p>\t\t\t\t\t\t\t\t<\/div>\n\t\t\t\t<\/div>\n\t\t<div class=\"elementor-element elementor-element-c605e92 e-con-full e-flex e-con e-child\" data-id=\"c605e92\" data-element_type=\"container\" data-e-type=\"container\">\n\t\t\t\t<div class=\"elementor-element elementor-element-98368b4 elementor-widget elementor-widget-text-editor\" data-id=\"98368b4\" data-element_type=\"widget\" data-e-type=\"widget\" data-widget_type=\"text-editor.default\">\n\t\t\t\t\t\t\t\t\t<p>Semifinal:<br>Jueves 12 de marzo, a las 18 h <\/p>\t\t\t\t\t\t\t\t<\/div>\n\t\t\t\t<div class=\"elementor-element elementor-element-6a72b85 elementor-widget elementor-widget-text-editor\" data-id=\"6a72b85\" data-element_type=\"widget\" data-e-type=\"widget\" data-widget_type=\"text-editor.default\">\n\t\t\t\t\t\t\t\t\t<p>Apertura de puertas a las 17:30 h<\/p>\t\t\t\t\t\t\t\t<\/div>\n\t\t\t\t<div class=\"elementor-element elementor-element-b3741fc elementor-widget elementor-widget-text-editor\" data-id=\"b3741fc\" data-element_type=\"widget\" data-e-type=\"widget\" data-widget_type=\"text-editor.default\">\n\t\t\t\t\t\t\t\t\t<p>Final:<br>Viernes 13 de marzo, a las 18 h<\/p>\t\t\t\t\t\t\t\t<\/div>\n\t\t\t\t<div class=\"elementor-element elementor-element-9c5da9f elementor-widget elementor-widget-text-editor\" data-id=\"9c5da9f\" data-element_type=\"widget\" data-e-type=\"widget\" data-widget_type=\"text-editor.default\">\n\t\t\t\t\t\t\t\t\t<p>Apertura de puertas a las 17:30 h<\/p>\t\t\t\t\t\t\t\t<\/div>\n\t\t\t\t<div class=\"elementor-element elementor-element-8ddec72 elementor-widget elementor-widget-text-editor\" data-id=\"8ddec72\" data-element_type=\"widget\" data-e-type=\"widget\" data-widget_type=\"text-editor.default\">\n\t\t\t\t\t\t\t\t\t<p>La semifinal y la final del <strong>Premio Internacional de Danza Roseta Mauri<\/strong> son dos fases del concurso que abrimos al p\u00fablico. Es una oportunidad para disfrutar de una muestra de danza de la mano de futuros bailarines y bailarinas. <\/p><p><br>Tanto la final como la semifinal consisten en una <strong>clase de danza cl\u00e1sica<\/strong> impartida por la profesora <strong>Arantxa Arg\u00fcelles<\/strong>, acompa\u00f1ada al piano por <strong>Llu\u00eds Carmona<\/strong>, y la muestra de variaciones (solos) cl\u00e1sicas y contempor\u00e1neas de cada participante.<\/p>\t\t\t\t\t\t\t\t<\/div>\n\t\t\t\t<\/div>\n\t\t<div class=\"elementor-element elementor-element-2d9e00b e-con-full e-flex e-con e-child\" data-id=\"2d9e00b\" data-element_type=\"container\" data-e-type=\"container\">\n\t\t\t\t<div class=\"elementor-element elementor-element-ecf3abc elementor-widget elementor-widget-image\" data-id=\"ecf3abc\" data-element_type=\"widget\" data-e-type=\"widget\" data-widget_type=\"image.default\">\n\t\t\t\t\t\t\t\t\t\t\t\t\t\t\t<img decoding=\"async\" width=\"800\" height=\"539\" src=\"https:\/\/rosetamauri.org\/wp-content\/uploads\/2026\/02\/ROSETA-MAURI-semifinals-1024x690.webp\" class=\"attachment-large size-large wp-image-3355\" alt=\"\" srcset=\"https:\/\/rosetamauri.org\/wp-content\/uploads\/2026\/02\/ROSETA-MAURI-semifinals-1024x690.webp 1024w, https:\/\/rosetamauri.org\/wp-content\/uploads\/2026\/02\/ROSETA-MAURI-semifinals-300x202.webp 300w, https:\/\/rosetamauri.org\/wp-content\/uploads\/2026\/02\/ROSETA-MAURI-semifinals-768x518.webp 768w, https:\/\/rosetamauri.org\/wp-content\/uploads\/2026\/02\/ROSETA-MAURI-semifinals.webp 1200w\" sizes=\"(max-width: 800px) 100vw, 800px\" \/>\t\t\t\t\t\t\t\t\t\t\t\t\t\t\t<\/div>\n\t\t\t\t<\/div>\n\t\t\t\t\t<\/div>\n\t\t\t\t<\/div>\n\t\t<div class=\"elementor-element elementor-element-0865f19 e-flex e-con-boxed e-con e-parent\" data-id=\"0865f19\" data-element_type=\"container\" data-e-type=\"container\">\n\t\t\t\t\t<div class=\"e-con-inner\">\n\t\t<div class=\"elementor-element elementor-element-4612249 e-con-full e-flex e-con e-child\" data-id=\"4612249\" data-element_type=\"container\" data-e-type=\"container\">\n\t\t\t\t<div class=\"elementor-element elementor-element-3b431fb elementor-widget elementor-widget-image\" data-id=\"3b431fb\" data-element_type=\"widget\" data-e-type=\"widget\" data-widget_type=\"image.default\">\n\t\t\t\t\t\t\t\t\t\t\t\t\t\t\t<img decoding=\"async\" width=\"783\" height=\"1024\" src=\"https:\/\/rosetamauri.org\/wp-content\/uploads\/2026\/02\/ROSETA-MAURI-gala-783x1024.webp\" class=\"attachment-large size-large wp-image-3358\" alt=\"\" srcset=\"https:\/\/rosetamauri.org\/wp-content\/uploads\/2026\/02\/ROSETA-MAURI-gala-783x1024.webp 783w, https:\/\/rosetamauri.org\/wp-content\/uploads\/2026\/02\/ROSETA-MAURI-gala-229x300.webp 229w, https:\/\/rosetamauri.org\/wp-content\/uploads\/2026\/02\/ROSETA-MAURI-gala-768x1004.webp 768w, https:\/\/rosetamauri.org\/wp-content\/uploads\/2026\/02\/ROSETA-MAURI-gala-1175x1536.webp 1175w, https:\/\/rosetamauri.org\/wp-content\/uploads\/2026\/02\/ROSETA-MAURI-gala.webp 1200w\" sizes=\"(max-width: 783px) 100vw, 783px\" \/>\t\t\t\t\t\t\t\t\t\t\t\t\t\t\t<\/div>\n\t\t\t\t<\/div>\n\t\t<div class=\"elementor-element elementor-element-94616b3 e-con-full e-flex e-con e-child\" data-id=\"94616b3\" data-element_type=\"container\" data-e-type=\"container\">\n\t\t\t\t<div class=\"elementor-element elementor-element-98b1407 elementor-widget elementor-widget-heading\" data-id=\"98b1407\" data-element_type=\"widget\" data-e-type=\"widget\" data-widget_type=\"heading.default\">\n\t\t\t\t\t<h2 class=\"elementor-heading-title elementor-size-default\">Gala<\/h2>\t\t\t\t<\/div>\n\t\t\t\t<div class=\"elementor-element elementor-element-9b49b25 elementor-widget elementor-widget-text-editor\" data-id=\"9b49b25\" data-element_type=\"widget\" data-e-type=\"widget\" data-widget_type=\"text-editor.default\">\n\t\t\t\t\t\t\t\t\t<p><strong><em>S\u00e1bado 14 de marzo, a las 20:30 h<\/em><\/strong><\/p>\t\t\t\t\t\t\t\t<\/div>\n\t\t\t\t<div class=\"elementor-element elementor-element-9ea0953 elementor-widget elementor-widget-text-editor\" data-id=\"9ea0953\" data-element_type=\"widget\" data-e-type=\"widget\" data-widget_type=\"text-editor.default\">\n\t\t\t\t\t\t\t\t\t<p>El <strong>XII\u00ba Premio Internacional de Danza Roseta Mauri<\/strong> culmina con una Gala el <strong>s\u00e1bado 14 de marzo,<\/strong> que muestra el talento de int\u00e9rpretes con trayectoria consolidada. Como es habitual, tambi\u00e9n participan en la gala los tres ganadores y\/o ganadoras de la edici\u00f3n actual y el Premio del P\u00fablico. <\/p>\t\t\t\t\t\t\t\t<\/div>\n\t\t\t\t<div class=\"elementor-element elementor-element-02bafef elementor-widget elementor-widget-button\" data-id=\"02bafef\" data-element_type=\"widget\" data-e-type=\"widget\" data-widget_type=\"button.default\">\n\t\t\t\t\t\t\t\t\t\t<a class=\"elementor-button elementor-button-link elementor-size-sm\" href=\"https:\/\/teatrefortuny.4tickets.es\/espectaculo\/gala-de-dansa-roseta-mauri\/TF869\" target=\"_blank\">\n\t\t\t\t\t\t<span class=\"elementor-button-content-wrapper\">\n\t\t\t\t\t\t\t\t\t<span class=\"elementor-button-text\">Compra la entrada<\/span>\n\t\t\t\t\t<\/span>\n\t\t\t\t\t<\/a>\n\t\t\t\t\t\t\t\t<\/div>\n\t\t\t\t<\/div>\n\t\t<div class=\"elementor-element elementor-element-f812980 e-con-full e-flex e-con e-child\" data-id=\"f812980\" data-element_type=\"container\" data-e-type=\"container\">\n\t\t\t\t<\/div>\n\t\t\t\t\t<\/div>\n\t\t\t\t<\/div>\n\t\t<div class=\"elementor-element elementor-element-f33f89f e-flex e-con-boxed e-con e-parent\" data-id=\"f33f89f\" data-element_type=\"container\" data-e-type=\"container\">\n\t\t\t\t\t<div class=\"e-con-inner\">\n\t\t<div class=\"elementor-element elementor-element-c1fd74f e-con-full e-flex e-con e-child\" data-id=\"c1fd74f\" data-element_type=\"container\" data-e-type=\"container\">\n\t\t\t\t<\/div>\n\t\t<div class=\"elementor-element elementor-element-73730db e-con-full e-flex e-con e-child\" data-id=\"73730db\" data-element_type=\"container\" data-e-type=\"container\">\n\t\t\t\t<div class=\"elementor-element elementor-element-89a2297 elementor-widget elementor-widget-text-editor\" data-id=\"89a2297\" data-element_type=\"widget\" data-e-type=\"widget\" data-widget_type=\"text-editor.default\">\n\t\t\t\t\t\t\t\t\t<p>Bailarines y bailarinas invitados<\/p>\t\t\t\t\t\t\t\t<\/div>\n\t\t\t\t<div class=\"elementor-element elementor-element-c5e1a49 elementor-widget elementor-widget-icon-box\" data-id=\"c5e1a49\" data-element_type=\"widget\" data-e-type=\"widget\" data-widget_type=\"icon-box.default\">\n\t\t\t\t\t\t\t<div class=\"elementor-icon-box-wrapper\">\n\n\t\t\t\n\t\t\t\t\t\t<div class=\"elementor-icon-box-content\">\n\n\t\t\t\t\t\t\t\t\t<h3 class=\"elementor-icon-box-title\">\n\t\t\t\t\t\t<span  >\n\t\t\t\t\t\t\tCandela Nieto y Mario Charlo\t\t\t\t\t\t<\/span>\n\t\t\t\t\t<\/h3>\n\t\t\t\t\n\t\t\t\t\t\t\t\t\t<p class=\"elementor-icon-box-description\">\n\t\t\t\t\t\tBallet del Teatre Nacional de Croacia, Croacia\t\t\t\t\t<\/p>\n\t\t\t\t\n\t\t\t<\/div>\n\t\t\t\n\t\t<\/div>\n\t\t\t\t\t\t<\/div>\n\t\t\t\t<div class=\"elementor-element elementor-element-cf49bfe elementor-widget elementor-widget-icon-box\" data-id=\"cf49bfe\" data-element_type=\"widget\" data-e-type=\"widget\" data-widget_type=\"icon-box.default\">\n\t\t\t\t\t\t\t<div class=\"elementor-icon-box-wrapper\">\n\n\t\t\t\n\t\t\t\t\t\t<div class=\"elementor-icon-box-content\">\n\n\t\t\t\t\t\t\t\t\t<h3 class=\"elementor-icon-box-title\">\n\t\t\t\t\t\t<span  >\n\t\t\t\t\t\t\tCarlota Batalla y Alberto Tardanico\t\t\t\t\t\t<\/span>\n\t\t\t\t\t<\/h3>\n\t\t\t\t\n\t\t\t\t\t\t\t\t\t<p class=\"elementor-icon-box-description\">\n\t\t\t\t\t\tIntrodans, Pa\u00edses Bajos\n\t\t\t\t\t<\/p>\n\t\t\t\t\n\t\t\t<\/div>\n\t\t\t\n\t\t<\/div>\n\t\t\t\t\t\t<\/div>\n\t\t\t\t<div class=\"elementor-element elementor-element-0c46a1f elementor-widget elementor-widget-icon-box\" data-id=\"0c46a1f\" data-element_type=\"widget\" data-e-type=\"widget\" data-widget_type=\"icon-box.default\">\n\t\t\t\t\t\t\t<div class=\"elementor-icon-box-wrapper\">\n\n\t\t\t\n\t\t\t\t\t\t<div class=\"elementor-icon-box-content\">\n\n\t\t\t\t\t\t\t\t\t<h3 class=\"elementor-icon-box-title\">\n\t\t\t\t\t\t<span  >\n\t\t\t\t\t\t\tSusanna Santoro y Jon Vallejo\t\t\t\t\t\t<\/span>\n\t\t\t\t\t<\/h3>\n\t\t\t\t\n\t\t\t\t\t\t\t\t\t<p class=\"elementor-icon-box-description\">\n\t\t\t\t\t\tBallet de Semperoper Dresden, Alemanya\n\t\t\t\t\t<\/p>\n\t\t\t\t\n\t\t\t<\/div>\n\t\t\t\n\t\t<\/div>\n\t\t\t\t\t\t<\/div>\n\t\t\t\t<div class=\"elementor-element elementor-element-d2feed2 elementor-widget elementor-widget-icon-box\" data-id=\"d2feed2\" data-element_type=\"widget\" data-e-type=\"widget\" data-widget_type=\"icon-box.default\">\n\t\t\t\t\t\t\t<div class=\"elementor-icon-box-wrapper\">\n\n\t\t\t\n\t\t\t\t\t\t<div class=\"elementor-icon-box-content\">\n\n\t\t\t\t\t\t\t\t\t<h3 class=\"elementor-icon-box-title\">\n\t\t\t\t\t\t<span  >\n\t\t\t\t\t\t\tAna Torrequebrada y Louis Musin\t\t\t\t\t\t<\/span>\n\t\t\t\t\t<\/h3>\n\t\t\t\t\n\t\t\t\t\t\t\t\t\t<p class=\"elementor-icon-box-description\">\n\t\t\t\t\t\tBallet de Hamburgo, Alemania\n\t\t\t\t\t<\/p>\n\t\t\t\t\n\t\t\t<\/div>\n\t\t\t\n\t\t<\/div>\n\t\t\t\t\t\t<\/div>\n\t\t\t\t<\/div>\n\t\t<div class=\"elementor-element elementor-element-891df27 e-con-full e-flex e-con e-child\" data-id=\"891df27\" data-element_type=\"container\" data-e-type=\"container\">\n\t\t\t\t<div class=\"elementor-element elementor-element-f0357da elementor-widget elementor-widget-text-editor\" data-id=\"f0357da\" data-element_type=\"widget\" data-e-type=\"widget\" data-widget_type=\"text-editor.default\">\n\t\t\t\t\t\t\t\t\t<p>La gala del Premio Internacional de Danza Roseta Mauri muestra diferentes estilos de danza, desde la cl\u00e1sica hasta la neocl\u00e1sica y la contempor\u00e1nea.<br><\/p><p>Los concursantes premiados interpretar\u00e1n las variaciones que han presentado a lo largo del concurso.<\/p>\t\t\t\t\t\t\t\t<\/div>\n\t\t\t\t<div class=\"elementor-element elementor-element-5489e4f elementor-widget__width-initial elementor-widget elementor-widget-n-accordion\" data-id=\"5489e4f\" data-element_type=\"widget\" data-e-type=\"widget\" data-settings=\"{&quot;default_state&quot;:&quot;all_collapsed&quot;,&quot;max_items_expended&quot;:&quot;one&quot;,&quot;n_accordion_animation_duration&quot;:{&quot;unit&quot;:&quot;ms&quot;,&quot;size&quot;:400,&quot;sizes&quot;:[]}}\" data-widget_type=\"nested-accordion.default\">\n\t\t\t\t\t\t\t<div class=\"e-n-accordion\" aria-label=\"Accordion. Open links with Enter or Space, close with Escape, and navigate with Arrow Keys\">\n\t\t\t\t\t\t<details id=\"e-n-accordion-item-8860\" class=\"e-n-accordion-item\" >\n\t\t\t\t<summary class=\"e-n-accordion-item-title\" data-accordion-index=\"1\" tabindex=\"0\" aria-expanded=\"false\" aria-controls=\"e-n-accordion-item-8860\" >\n\t\t\t\t\t<span class='e-n-accordion-item-title-header'><div class=\"e-n-accordion-item-title-text\"> Consulta el programa <\/div><\/span>\n\t\t\t\t\t\t\t<span class='e-n-accordion-item-title-icon'>\n\t\t\t<span class='e-opened' ><svg xmlns=\"http:\/\/www.w3.org\/2000\/svg\" width=\"22.589\" height=\"1.5\" viewBox=\"0 0 22.589 1.5\"><path id=\"minus\" d=\"M31.589,21.089H9v-1.5H31.589Z\" transform=\"translate(-9 -19.589)\" fill=\"#5702fb\"><\/path><\/svg><\/span>\n\t\t\t<span class='e-closed'><svg xmlns=\"http:\/\/www.w3.org\/2000\/svg\" width=\"22.589\" height=\"22.589\" viewBox=\"0 0 22.589 22.589\"><path id=\"Icon_ion-ios-plus-empty\" data-name=\"Icon ion-ios-plus-empty\" d=\"M31.589,21.089H21v10.5H19.5v-10.5H9v-1.5H19.5V9H21V19.589H31.589Z\" transform=\"translate(-9 -9)\" fill=\"#5702fb\"><\/path><\/svg><\/span>\n\t\t<\/span>\n\n\t\t\t\t\t\t<\/summary>\n\t\t\t\t<div role=\"region\" aria-labelledby=\"e-n-accordion-item-8860\" class=\"elementor-element elementor-element-8bc62ea e-con-full e-flex e-con e-child\" data-id=\"8bc62ea\" data-element_type=\"container\" data-e-type=\"container\">\n\t\t\t\t<div class=\"elementor-element elementor-element-2659781 elementor-widget elementor-widget-text-editor\" data-id=\"2659781\" data-element_type=\"widget\" data-e-type=\"widget\" data-widget_type=\"text-editor.default\">\n\t\t\t\t\t\t\t\t\t<p>Pr\u00f3ximamente anunciaremos las coreograf\u00edas del programa.<\/p>\t\t\t\t\t\t\t\t<\/div>\n\t\t\t\t<\/div>\n\t\t\t\t\t<\/details>\n\t\t\t\t\t<\/div>\n\t\t\t\t\t\t<\/div>\n\t\t\t\t<\/div>\n\t\t\t\t\t<\/div>\n\t\t\t\t<\/div>\n\t\t\t\t<\/div>\n\t\t","protected":false},"excerpt":{"rendered":"<p>12, 13 y 14 de marzo de 2026, en el Teatre Fortuny\u00a1Disfruta de la danza y emoci\u00f3nate con el concurso! Semifinal y final Abiertas al p\u00fablico La entrada es gratuita y no es necesario inscribirse. \u00a1Ven! Semifinal:Jueves 12 de marzo, a las 18 h Apertura de puertas a las 17:30 h Final:Viernes 13 de marzo, [&hellip;]<\/p>\n","protected":false},"author":1,"featured_media":3025,"parent":0,"menu_order":0,"comment_status":"closed","ping_status":"closed","template":"","meta":{"footnotes":""},"class_list":["post-3347","page","type-page","status-publish","has-post-thumbnail","hentry"],"yoast_head":"<!-- This site is optimized with the Yoast SEO plugin v27.2 - https:\/\/yoast.com\/product\/yoast-seo-wordpress\/ -->\n<title>Premi Internacional de Dansa Roseta Mauri - Ven de p\u00fablico<\/title>\n<meta name=\"description\" content=\"Disfruta de la danza i emocionate con el concurso\" \/>\n<meta name=\"robots\" content=\"index, follow, max-snippet:-1, max-image-preview:large, max-video-preview:-1\" \/>\n<link rel=\"canonical\" href=\"https:\/\/rosetamauri.org\/es\/ven-como-publico\/\" \/>\n<meta property=\"og:locale\" content=\"es_ES\" \/>\n<meta property=\"og:type\" content=\"article\" \/>\n<meta property=\"og:title\" content=\"Premi Internacional de Dansa Roseta Mauri - Ven de p\u00fablico\" \/>\n<meta property=\"og:description\" content=\"Disfruta de la danza i emocionate con el concurso\" \/>\n<meta property=\"og:url\" content=\"https:\/\/rosetamauri.org\/es\/ven-como-publico\/\" \/>\n<meta property=\"og:site_name\" content=\"Premi Internacional de Dansa Roseta Mauri\" \/>\n<meta property=\"article:modified_time\" content=\"2026-02-24T14:16:36+00:00\" \/>\n<meta property=\"og:image\" content=\"https:\/\/rosetamauri.org\/wp-content\/uploads\/2025\/11\/Captura-de-pantalla-2025-11-11-a-les-13.05.38.png\" \/>\n\t<meta property=\"og:image:width\" content=\"1282\" \/>\n\t<meta property=\"og:image:height\" content=\"856\" \/>\n\t<meta property=\"og:image:type\" content=\"image\/png\" \/>\n<meta name=\"twitter:card\" content=\"summary_large_image\" \/>\n<meta name=\"twitter:label1\" content=\"Tiempo de lectura\" \/>\n\t<meta name=\"twitter:data1\" content=\"2 minutos\" \/>\n<script type=\"application\/ld+json\" class=\"yoast-schema-graph\">{\"@context\":\"https:\/\/schema.org\",\"@graph\":[{\"@type\":\"WebPage\",\"@id\":\"https:\/\/rosetamauri.org\/es\/ven-como-publico\/\",\"url\":\"https:\/\/rosetamauri.org\/es\/ven-como-publico\/\",\"name\":\"Premi Internacional de Dansa Roseta Mauri - Ven de p\u00fablico\",\"isPartOf\":{\"@id\":\"https:\/\/rosetamauri.org\/es\/#website\"},\"primaryImageOfPage\":{\"@id\":\"https:\/\/rosetamauri.org\/es\/ven-como-publico\/#primaryimage\"},\"image\":{\"@id\":\"https:\/\/rosetamauri.org\/es\/ven-como-publico\/#primaryimage\"},\"thumbnailUrl\":\"https:\/\/rosetamauri.org\/wp-content\/uploads\/2025\/11\/Captura-de-pantalla-2025-11-11-a-les-13.05.38.png\",\"datePublished\":\"2026-02-06T09:21:05+00:00\",\"dateModified\":\"2026-02-24T14:16:36+00:00\",\"description\":\"Disfruta de la danza i emocionate con el concurso\",\"breadcrumb\":{\"@id\":\"https:\/\/rosetamauri.org\/es\/ven-como-publico\/#breadcrumb\"},\"inLanguage\":\"es\",\"potentialAction\":[{\"@type\":\"ReadAction\",\"target\":[\"https:\/\/rosetamauri.org\/es\/ven-como-publico\/\"]}]},{\"@type\":\"ImageObject\",\"inLanguage\":\"es\",\"@id\":\"https:\/\/rosetamauri.org\/es\/ven-como-publico\/#primaryimage\",\"url\":\"https:\/\/rosetamauri.org\/wp-content\/uploads\/2025\/11\/Captura-de-pantalla-2025-11-11-a-les-13.05.38.png\",\"contentUrl\":\"https:\/\/rosetamauri.org\/wp-content\/uploads\/2025\/11\/Captura-de-pantalla-2025-11-11-a-les-13.05.38.png\",\"width\":1282,\"height\":856},{\"@type\":\"BreadcrumbList\",\"@id\":\"https:\/\/rosetamauri.org\/es\/ven-como-publico\/#breadcrumb\",\"itemListElement\":[{\"@type\":\"ListItem\",\"position\":1,\"name\":\"Inici\",\"item\":\"https:\/\/rosetamauri.org\/es\/\"},{\"@type\":\"ListItem\",\"position\":2,\"name\":\"Ven de p\u00fablico\"}]},{\"@type\":\"WebSite\",\"@id\":\"https:\/\/rosetamauri.org\/es\/#website\",\"url\":\"https:\/\/rosetamauri.org\/es\/\",\"name\":\"Premi Internacional de Dansa Roseta Mauri\",\"description\":\"Impulsem el talent dels joves ballarins.\",\"potentialAction\":[{\"@type\":\"SearchAction\",\"target\":{\"@type\":\"EntryPoint\",\"urlTemplate\":\"https:\/\/rosetamauri.org\/es\/?s={search_term_string}\"},\"query-input\":{\"@type\":\"PropertyValueSpecification\",\"valueRequired\":true,\"valueName\":\"search_term_string\"}}],\"inLanguage\":\"es\"}]}<\/script>\n<!-- \/ Yoast SEO plugin. -->","yoast_head_json":{"title":"Premi Internacional de Dansa Roseta Mauri - Ven de p\u00fablico","description":"Disfruta de la danza i emocionate con el concurso","robots":{"index":"index","follow":"follow","max-snippet":"max-snippet:-1","max-image-preview":"max-image-preview:large","max-video-preview":"max-video-preview:-1"},"canonical":"https:\/\/rosetamauri.org\/es\/ven-como-publico\/","og_locale":"es_ES","og_type":"article","og_title":"Premi Internacional de Dansa Roseta Mauri - Ven de p\u00fablico","og_description":"Disfruta de la danza i emocionate con el concurso","og_url":"https:\/\/rosetamauri.org\/es\/ven-como-publico\/","og_site_name":"Premi Internacional de Dansa Roseta Mauri","article_modified_time":"2026-02-24T14:16:36+00:00","og_image":[{"width":1282,"height":856,"url":"https:\/\/rosetamauri.org\/wp-content\/uploads\/2025\/11\/Captura-de-pantalla-2025-11-11-a-les-13.05.38.png","type":"image\/png"}],"twitter_card":"summary_large_image","twitter_misc":{"Tiempo de lectura":"2 minutos"},"schema":{"@context":"https:\/\/schema.org","@graph":[{"@type":"WebPage","@id":"https:\/\/rosetamauri.org\/es\/ven-como-publico\/","url":"https:\/\/rosetamauri.org\/es\/ven-como-publico\/","name":"Premi Internacional de Dansa Roseta Mauri - Ven de p\u00fablico","isPartOf":{"@id":"https:\/\/rosetamauri.org\/es\/#website"},"primaryImageOfPage":{"@id":"https:\/\/rosetamauri.org\/es\/ven-como-publico\/#primaryimage"},"image":{"@id":"https:\/\/rosetamauri.org\/es\/ven-como-publico\/#primaryimage"},"thumbnailUrl":"https:\/\/rosetamauri.org\/wp-content\/uploads\/2025\/11\/Captura-de-pantalla-2025-11-11-a-les-13.05.38.png","datePublished":"2026-02-06T09:21:05+00:00","dateModified":"2026-02-24T14:16:36+00:00","description":"Disfruta de la danza i emocionate con el concurso","breadcrumb":{"@id":"https:\/\/rosetamauri.org\/es\/ven-como-publico\/#breadcrumb"},"inLanguage":"es","potentialAction":[{"@type":"ReadAction","target":["https:\/\/rosetamauri.org\/es\/ven-como-publico\/"]}]},{"@type":"ImageObject","inLanguage":"es","@id":"https:\/\/rosetamauri.org\/es\/ven-como-publico\/#primaryimage","url":"https:\/\/rosetamauri.org\/wp-content\/uploads\/2025\/11\/Captura-de-pantalla-2025-11-11-a-les-13.05.38.png","contentUrl":"https:\/\/rosetamauri.org\/wp-content\/uploads\/2025\/11\/Captura-de-pantalla-2025-11-11-a-les-13.05.38.png","width":1282,"height":856},{"@type":"BreadcrumbList","@id":"https:\/\/rosetamauri.org\/es\/ven-como-publico\/#breadcrumb","itemListElement":[{"@type":"ListItem","position":1,"name":"Inici","item":"https:\/\/rosetamauri.org\/es\/"},{"@type":"ListItem","position":2,"name":"Ven de p\u00fablico"}]},{"@type":"WebSite","@id":"https:\/\/rosetamauri.org\/es\/#website","url":"https:\/\/rosetamauri.org\/es\/","name":"Premi Internacional de Dansa Roseta Mauri","description":"Impulsem el talent dels joves ballarins.","potentialAction":[{"@type":"SearchAction","target":{"@type":"EntryPoint","urlTemplate":"https:\/\/rosetamauri.org\/es\/?s={search_term_string}"},"query-input":{"@type":"PropertyValueSpecification","valueRequired":true,"valueName":"search_term_string"}}],"inLanguage":"es"}]}},"_links":{"self":[{"href":"https:\/\/rosetamauri.org\/es\/wp-json\/wp\/v2\/pages\/3347","targetHints":{"allow":["GET"]}}],"collection":[{"href":"https:\/\/rosetamauri.org\/es\/wp-json\/wp\/v2\/pages"}],"about":[{"href":"https:\/\/rosetamauri.org\/es\/wp-json\/wp\/v2\/types\/page"}],"author":[{"embeddable":true,"href":"https:\/\/rosetamauri.org\/es\/wp-json\/wp\/v2\/users\/1"}],"replies":[{"embeddable":true,"href":"https:\/\/rosetamauri.org\/es\/wp-json\/wp\/v2\/comments?post=3347"}],"version-history":[{"count":10,"href":"https:\/\/rosetamauri.org\/es\/wp-json\/wp\/v2\/pages\/3347\/revisions"}],"predecessor-version":[{"id":3484,"href":"https:\/\/rosetamauri.org\/es\/wp-json\/wp\/v2\/pages\/3347\/revisions\/3484"}],"wp:featuredmedia":[{"embeddable":true,"href":"https:\/\/rosetamauri.org\/es\/wp-json\/wp\/v2\/media\/3025"}],"wp:attachment":[{"href":"https:\/\/rosetamauri.org\/es\/wp-json\/wp\/v2\/media?parent=3347"}],"curies":[{"name":"wp","href":"https:\/\/api.w.org\/{rel}","templated":true}]}}