{"id":2607,"date":"2025-09-07T19:58:29","date_gmt":"2025-09-07T17:58:29","guid":{"rendered":"https:\/\/roseta-mauri.c.wetopi.com\/politica-de-privacidad\/"},"modified":"2025-09-30T18:56:43","modified_gmt":"2025-09-30T16:56:43","slug":"politica-de-privacidad","status":"publish","type":"page","link":"https:\/\/rosetamauri.org\/es\/politica-de-privacidad\/","title":{"rendered":"Pol\u00edtica de privacidad"},"content":{"rendered":"\t\t<div data-elementor-type=\"wp-page\" data-elementor-id=\"2607\" class=\"elementor elementor-2607 elementor-3\" data-elementor-post-type=\"page\">\n\t\t\t\t<div class=\"elementor-element elementor-element-ba82772 e-flex e-con-boxed e-con e-parent\" data-id=\"ba82772\" data-element_type=\"container\" data-e-type=\"container\">\n\t\t\t\t\t<div class=\"e-con-inner\">\n\t\t\t\t<div class=\"elementor-element elementor-element-8f97836 elementor-widget elementor-widget-heading\" data-id=\"8f97836\" data-element_type=\"widget\" data-e-type=\"widget\" data-widget_type=\"heading.default\">\n\t\t\t\t\t<h1 class=\"elementor-heading-title elementor-size-default\">Pol\u00edtica de privacidad<\/h1>\t\t\t\t<\/div>\n\t\t\t\t<div class=\"elementor-element elementor-element-3006371 elementor-widget elementor-widget-text-editor\" data-id=\"3006371\" data-element_type=\"widget\" data-e-type=\"widget\" data-widget_type=\"text-editor.default\">\n\t\t\t\t\t\t\t\t\t<p>Esta pol\u00edtica de privacidad establece c\u00f3mo la Fundaci\u00f3n Teatro Fortuny usa y protege cualquier informaci\u00f3n que proporcione al suscribirse a nuestro bolet\u00edn. Fundaci\u00f3n Teatro Fortuny se compromete a garantizar que su privacidad est\u00e1 protegida de conformidad con el Reglamento General de Protecci\u00f3n de Datos (GDPR). Esta pol\u00edtica es efectiva a partir del 25 de mayo de 2018  <\/p><h5>QU\u00c9 RECOGEMOS<\/h5><p>Cuando se suscribe a nuestro bolet\u00edn, recopilamos la siguiente informaci\u00f3n:<br> \u2022 direcci\u00f3n de correo electr\u00f3nico<br> \u2022 n\u00famero, organizaci\u00f3n y cargo (opcional)<br> \u2022 pa\u00eds (opcional)<\/p><h5>QU\u00c9 HACEMOS CON LA INFORMACI\u00d3N QUE RECOPILAMOS<\/h5><p>Requerimos esta informaci\u00f3n por las siguientes razones:<br> \u2022 Mantenimiento de registros internos<br> \u2022 Enviar boletines informativos sobre el Premio Internacional de Danza Roseta Mauri.<br> \u2022 No compartiremos sus datos con terceros en ning\u00fan momento<\/p><h5>CANCELAR SUSCRIPCI\u00d3N<\/h5><p>Puede cambiar de opini\u00f3n en cualquier momento haciendo clic en el enlace para cancelar la suscripci\u00f3n que se encuentra en el pie de p\u00e1gina de cualquier correo electr\u00f3nico que reciba de nosotros o contact\u00e1ndonos a <strong>comunicacio@rosetamauri.org.<\/strong> Si cree que cualquier informaci\u00f3n que tenemos sobre usted es incorrecta o est\u00e1 incompleta, escr\u00edbanos o env\u00edenos un correo electr\u00f3nico a comunicacio@rosetamauri.org lo antes posible. Corregiremos r\u00e1pidamente cualquier informaci\u00f3n que sea incorrecta. <\/p>\t\t\t\t\t\t\t\t<\/div>\n\t\t\t\t\t<\/div>\n\t\t\t\t<\/div>\n\t\t\t\t<\/div>\n\t\t","protected":false},"excerpt":{"rendered":"<p>Esta pol\u00edtica de privacidad establece c\u00f3mo la Fundaci\u00f3n Teatro Fortuny usa y protege cualquier informaci\u00f3n que proporcione al suscribirse a nuestro bolet\u00edn. Fundaci\u00f3n Teatro Fortuny se compromete a garantizar que su privacidad est\u00e1 protegida de conformidad con el Reglamento General de Protecci\u00f3n de Datos (GDPR). Esta pol\u00edtica es efectiva a partir del 25 de mayo [&hellip;]<\/p>\n","protected":false},"author":1,"featured_media":0,"parent":0,"menu_order":0,"comment_status":"closed","ping_status":"open","template":"","meta":{"footnotes":""},"class_list":["post-2607","page","type-page","status-publish","hentry"],"yoast_head":"<!-- This site is optimized with the Yoast SEO plugin v27.2 - https:\/\/yoast.com\/product\/yoast-seo-wordpress\/ -->\n<title>Pol\u00edtica de privacidad - Premi Internacional de Dansa Roseta Mauri<\/title>\n<meta name=\"robots\" content=\"noindex, nofollow\" \/>\n<meta property=\"og:locale\" content=\"es_ES\" \/>\n<meta property=\"og:type\" content=\"article\" \/>\n<meta property=\"og:title\" content=\"Pol\u00edtica de privacidad - Premi Internacional de Dansa Roseta Mauri\" \/>\n<meta property=\"og:description\" content=\"Esta pol\u00edtica de privacidad establece c\u00f3mo la Fundaci\u00f3n Teatro Fortuny usa y protege cualquier informaci\u00f3n que proporcione al suscribirse a nuestro bolet\u00edn. Fundaci\u00f3n Teatro Fortuny se compromete a garantizar que su privacidad est\u00e1 protegida de conformidad con el Reglamento General de Protecci\u00f3n de Datos (GDPR). Esta pol\u00edtica es efectiva a partir del 25 de mayo [&hellip;]\" \/>\n<meta property=\"og:url\" content=\"https:\/\/rosetamauri.org\/es\/politica-de-privacidad\/\" \/>\n<meta property=\"og:site_name\" content=\"Premi Internacional de Dansa Roseta Mauri\" \/>\n<meta property=\"article:modified_time\" content=\"2025-09-30T16:56:43+00:00\" \/>\n<meta name=\"twitter:card\" content=\"summary_large_image\" \/>\n<meta name=\"twitter:label1\" content=\"Tiempo de lectura\" \/>\n\t<meta name=\"twitter:data1\" content=\"1 minuto\" \/>\n<script type=\"application\/ld+json\" class=\"yoast-schema-graph\">{\"@context\":\"https:\/\/schema.org\",\"@graph\":[{\"@type\":\"WebPage\",\"@id\":\"https:\/\/rosetamauri.org\/es\/politica-de-privacidad\/\",\"url\":\"https:\/\/rosetamauri.org\/es\/politica-de-privacidad\/\",\"name\":\"Pol\u00edtica de privacidad - Premi Internacional de Dansa Roseta Mauri\",\"isPartOf\":{\"@id\":\"https:\/\/rosetamauri.org\/es\/#website\"},\"datePublished\":\"2025-09-07T17:58:29+00:00\",\"dateModified\":\"2025-09-30T16:56:43+00:00\",\"breadcrumb\":{\"@id\":\"https:\/\/rosetamauri.org\/es\/politica-de-privacidad\/#breadcrumb\"},\"inLanguage\":\"es\",\"potentialAction\":[{\"@type\":\"ReadAction\",\"target\":[\"https:\/\/rosetamauri.org\/es\/politica-de-privacidad\/\"]}]},{\"@type\":\"BreadcrumbList\",\"@id\":\"https:\/\/rosetamauri.org\/es\/politica-de-privacidad\/#breadcrumb\",\"itemListElement\":[{\"@type\":\"ListItem\",\"position\":1,\"name\":\"Inici\",\"item\":\"https:\/\/rosetamauri.org\/es\/\"},{\"@type\":\"ListItem\",\"position\":2,\"name\":\"Pol\u00edtica de privacidad\"}]},{\"@type\":\"WebSite\",\"@id\":\"https:\/\/rosetamauri.org\/es\/#website\",\"url\":\"https:\/\/rosetamauri.org\/es\/\",\"name\":\"Premi Internacional de Dansa Roseta Mauri\",\"description\":\"Impulsem el talent dels joves ballarins.\",\"potentialAction\":[{\"@type\":\"SearchAction\",\"target\":{\"@type\":\"EntryPoint\",\"urlTemplate\":\"https:\/\/rosetamauri.org\/es\/?s={search_term_string}\"},\"query-input\":{\"@type\":\"PropertyValueSpecification\",\"valueRequired\":true,\"valueName\":\"search_term_string\"}}],\"inLanguage\":\"es\"}]}<\/script>\n<!-- \/ Yoast SEO plugin. -->","yoast_head_json":{"title":"Pol\u00edtica de privacidad - Premi Internacional de Dansa Roseta Mauri","robots":{"index":"noindex","follow":"nofollow"},"og_locale":"es_ES","og_type":"article","og_title":"Pol\u00edtica de privacidad - Premi Internacional de Dansa Roseta Mauri","og_description":"Esta pol\u00edtica de privacidad establece c\u00f3mo la Fundaci\u00f3n Teatro Fortuny usa y protege cualquier informaci\u00f3n que proporcione al suscribirse a nuestro bolet\u00edn. Fundaci\u00f3n Teatro Fortuny se compromete a garantizar que su privacidad est\u00e1 protegida de conformidad con el Reglamento General de Protecci\u00f3n de Datos (GDPR). Esta pol\u00edtica es efectiva a partir del 25 de mayo [&hellip;]","og_url":"https:\/\/rosetamauri.org\/es\/politica-de-privacidad\/","og_site_name":"Premi Internacional de Dansa Roseta Mauri","article_modified_time":"2025-09-30T16:56:43+00:00","twitter_card":"summary_large_image","twitter_misc":{"Tiempo de lectura":"1 minuto"},"schema":{"@context":"https:\/\/schema.org","@graph":[{"@type":"WebPage","@id":"https:\/\/rosetamauri.org\/es\/politica-de-privacidad\/","url":"https:\/\/rosetamauri.org\/es\/politica-de-privacidad\/","name":"Pol\u00edtica de privacidad - Premi Internacional de Dansa Roseta Mauri","isPartOf":{"@id":"https:\/\/rosetamauri.org\/es\/#website"},"datePublished":"2025-09-07T17:58:29+00:00","dateModified":"2025-09-30T16:56:43+00:00","breadcrumb":{"@id":"https:\/\/rosetamauri.org\/es\/politica-de-privacidad\/#breadcrumb"},"inLanguage":"es","potentialAction":[{"@type":"ReadAction","target":["https:\/\/rosetamauri.org\/es\/politica-de-privacidad\/"]}]},{"@type":"BreadcrumbList","@id":"https:\/\/rosetamauri.org\/es\/politica-de-privacidad\/#breadcrumb","itemListElement":[{"@type":"ListItem","position":1,"name":"Inici","item":"https:\/\/rosetamauri.org\/es\/"},{"@type":"ListItem","position":2,"name":"Pol\u00edtica de privacidad"}]},{"@type":"WebSite","@id":"https:\/\/rosetamauri.org\/es\/#website","url":"https:\/\/rosetamauri.org\/es\/","name":"Premi Internacional de Dansa Roseta Mauri","description":"Impulsem el talent dels joves ballarins.","potentialAction":[{"@type":"SearchAction","target":{"@type":"EntryPoint","urlTemplate":"https:\/\/rosetamauri.org\/es\/?s={search_term_string}"},"query-input":{"@type":"PropertyValueSpecification","valueRequired":true,"valueName":"search_term_string"}}],"inLanguage":"es"}]}},"_links":{"self":[{"href":"https:\/\/rosetamauri.org\/es\/wp-json\/wp\/v2\/pages\/2607","targetHints":{"allow":["GET"]}}],"collection":[{"href":"https:\/\/rosetamauri.org\/es\/wp-json\/wp\/v2\/pages"}],"about":[{"href":"https:\/\/rosetamauri.org\/es\/wp-json\/wp\/v2\/types\/page"}],"author":[{"embeddable":true,"href":"https:\/\/rosetamauri.org\/es\/wp-json\/wp\/v2\/users\/1"}],"replies":[{"embeddable":true,"href":"https:\/\/rosetamauri.org\/es\/wp-json\/wp\/v2\/comments?post=2607"}],"version-history":[{"count":1,"href":"https:\/\/rosetamauri.org\/es\/wp-json\/wp\/v2\/pages\/2607\/revisions"}],"predecessor-version":[{"id":2608,"href":"https:\/\/rosetamauri.org\/es\/wp-json\/wp\/v2\/pages\/2607\/revisions\/2608"}],"wp:attachment":[{"href":"https:\/\/rosetamauri.org\/es\/wp-json\/wp\/v2\/media?parent=2607"}],"curies":[{"name":"wp","href":"https:\/\/api.w.org\/{rel}","templated":true}]}}