{"id":2409,"date":"2025-09-08T11:12:05","date_gmt":"2025-09-08T09:12:05","guid":{"rendered":"https:\/\/roseta-mauri.c.wetopi.com\/el-premio\/"},"modified":"2025-09-30T15:15:05","modified_gmt":"2025-09-30T13:15:05","slug":"el-premio","status":"publish","type":"page","link":"https:\/\/rosetamauri.org\/es\/el-premio\/","title":{"rendered":"El Premio"},"content":{"rendered":"\t\t<div data-elementor-type=\"wp-page\" data-elementor-id=\"2409\" class=\"elementor elementor-2409 elementor-227\" data-elementor-post-type=\"page\">\n\t\t\t\t<div class=\"elementor-element elementor-element-efc4a9c e-con-full e-flex e-con e-parent\" data-id=\"efc4a9c\" data-element_type=\"container\" data-e-type=\"container\">\n\t\t\t\t<div class=\"elementor-element elementor-element-c8684ce elementor-widget elementor-widget-heading\" data-id=\"c8684ce\" data-element_type=\"widget\" data-e-type=\"widget\" data-widget_type=\"heading.default\">\n\t\t\t\t\t<h1 class=\"elementor-heading-title elementor-size-default\">El Premio<\/h1>\t\t\t\t<\/div>\n\t\t\t\t<div class=\"elementor-element elementor-element-176c6d7 elementor-widget elementor-widget-image\" data-id=\"176c6d7\" data-element_type=\"widget\" data-e-type=\"widget\" data-widget_type=\"image.default\">\n\t\t\t\t\t\t\t\t\t\t\t\t\t\t\t<img fetchpriority=\"high\" decoding=\"async\" width=\"1920\" height=\"837\" src=\"https:\/\/rosetamauri.org\/wp-content\/uploads\/2025\/09\/Edgar_Germain_Hilaire_Degas_018.webp\" class=\"attachment-full size-full wp-image-2408\" alt=\"\" srcset=\"https:\/\/rosetamauri.org\/wp-content\/uploads\/2025\/09\/Edgar_Germain_Hilaire_Degas_018.webp 1920w, https:\/\/rosetamauri.org\/wp-content\/uploads\/2025\/09\/Edgar_Germain_Hilaire_Degas_018-300x131.webp 300w, https:\/\/rosetamauri.org\/wp-content\/uploads\/2025\/09\/Edgar_Germain_Hilaire_Degas_018-1024x446.webp 1024w, https:\/\/rosetamauri.org\/wp-content\/uploads\/2025\/09\/Edgar_Germain_Hilaire_Degas_018-768x335.webp 768w, https:\/\/rosetamauri.org\/wp-content\/uploads\/2025\/09\/Edgar_Germain_Hilaire_Degas_018-1536x670.webp 1536w\" sizes=\"(max-width: 1920px) 100vw, 1920px\" \/>\t\t\t\t\t\t\t\t\t\t\t\t\t\t\t<\/div>\n\t\t\t\t<\/div>\n\t\t<div class=\"elementor-element elementor-element-08a9ce8 e-flex e-con-boxed e-con e-parent\" data-id=\"08a9ce8\" data-element_type=\"container\" data-e-type=\"container\">\n\t\t\t\t\t<div class=\"e-con-inner\">\n\t\t\t\t<div class=\"elementor-element elementor-element-dc0f83e elementor-widget__width-initial elementor-widget elementor-widget-text-editor\" data-id=\"dc0f83e\" data-element_type=\"widget\" data-e-type=\"widget\" data-widget_type=\"text-editor.default\">\n\t\t\t\t\t\t\t\t\t<p>El Premio Internacional de Danza Roseta Mauri, que se celebra des del 2002, nace con la idea de dar a conocer el talento de j\u00f3venes bailarines e impulsar a su carrera art\u00edstica. Se trata de un concurso internacional y es el que est\u00e1 mejor dotado econ\u00f3micamente del Estado Espa\u00f1ol.<\/p><p>La Fundaci\u00f3n del Teatre Fortuny con la colaboraci\u00f3n del Teatre Fortuny de Reus convoca bianualmente este premio. Cuenta con m\u00e1s de veinte a\u00f1os de trayectoria y diez ediciones realizadas, en las que el Teatro Fortuny ha sido un trampol\u00edn para algunos bailarines. Ganadores y finalistas de pasadas ediciones han alcanzado sus metas: bailar en compa\u00f1\u00edas internacionales de prestigio.<\/p>\t\t\t\t\t\t\t\t<\/div>\n\t\t\t\t\t<\/div>\n\t\t\t\t<\/div>\n\t\t<div class=\"elementor-element elementor-element-924d2f2 e-flex e-con-boxed e-con e-parent\" data-id=\"924d2f2\" data-element_type=\"container\" data-e-type=\"container\">\n\t\t\t\t\t<div class=\"e-con-inner\">\n\t\t\t\t<div class=\"elementor-element elementor-element-03e8185 elementor-widget__width-initial elementor-widget elementor-widget-heading\" data-id=\"03e8185\" data-element_type=\"widget\" data-e-type=\"widget\" data-widget_type=\"heading.default\">\n\t\t\t\t\t<h2 class=\"elementor-heading-title elementor-size-default\">Roseta Mauri<\/h2>\t\t\t\t<\/div>\n\t\t\t\t<div class=\"elementor-element elementor-element-e5a01e7 elementor-widget__width-initial elementor-widget elementor-widget-text-editor\" data-id=\"e5a01e7\" data-element_type=\"widget\" data-e-type=\"widget\" data-widget_type=\"text-editor.default\">\n\t\t\t\t\t\t\t\t\t<p>El nombre del premio toma el nombre de la bailarina de este famoso cuadro de Degas es Rosa Mauri Segura (1849-1923), conocida como Roseta Mauri, quien habiendo bailado en los principales teatros de Europa lleg\u00f3 a ser bailarina estrella de la \u00d3pera de Par\u00eds. El primer maestro del artista fue su padre, Pere Mauri, core\u00f3grafo y bailar\u00edn reusense. Tenaz y prodigiosa con s\u00f3lo once a\u00f1os, Mauri entr\u00f3 a formar parte del cuerpo de baile del Teatro Principal de Barcelona.<\/p>\t\t\t\t\t\t\t\t<\/div>\n\t\t<div class=\"elementor-element elementor-element-b6dd742 e-con-full e-flex e-con e-child\" data-id=\"b6dd742\" data-element_type=\"container\" data-e-type=\"container\">\n\t\t\t\t<div class=\"elementor-element elementor-element-e447d46 elementor-widget__width-initial elementor-widget elementor-widget-image\" data-id=\"e447d46\" data-element_type=\"widget\" data-e-type=\"widget\" data-settings=\"{&quot;sticky&quot;:&quot;top&quot;,&quot;sticky_on&quot;:[&quot;desktop&quot;,&quot;tablet&quot;],&quot;sticky_offset&quot;:50,&quot;sticky_parent&quot;:&quot;yes&quot;,&quot;sticky_effects_offset&quot;:0,&quot;sticky_anchor_link_offset&quot;:0}\" data-widget_type=\"image.default\">\n\t\t\t\t\t\t\t\t\t\t\t\t\t\t\t<img decoding=\"async\" width=\"575\" height=\"1024\" src=\"https:\/\/rosetamauri.org\/wp-content\/uploads\/2025\/09\/roseta-mauri-el-premi-575x1024.webp\" class=\"attachment-large size-large wp-image-2397\" alt=\"\" srcset=\"https:\/\/rosetamauri.org\/wp-content\/uploads\/2025\/09\/roseta-mauri-el-premi-575x1024.webp 575w, https:\/\/rosetamauri.org\/wp-content\/uploads\/2025\/09\/roseta-mauri-el-premi-168x300.webp 168w, https:\/\/rosetamauri.org\/wp-content\/uploads\/2025\/09\/roseta-mauri-el-premi.webp 679w\" sizes=\"(max-width: 575px) 100vw, 575px\" \/>\t\t\t\t\t\t\t\t\t\t\t\t\t\t\t<\/div>\n\t\t<div class=\"elementor-element elementor-element-a771bb0 e-con-full e-flex e-con e-child\" data-id=\"a771bb0\" data-element_type=\"container\" data-e-type=\"container\">\n\t\t\t\t<div class=\"elementor-element elementor-element-5d286f0 elementor-widget__width-initial elementor-widget elementor-widget-text-editor\" data-id=\"5d286f0\" data-element_type=\"widget\" data-e-type=\"widget\" data-widget_type=\"text-editor.default\">\n\t\t\t\t\t\t\t\t\t<p>Roseta Mauri (1849-1923) fue una excepcional primera bailarina de los principales teatros europeos de su \u00e9poca. Hija del core\u00f3grafo y bailar\u00edn de Reus, Pere Mauri, siempre hac\u00eda gala de su origen Isabel Amanda Rosa Mauri Segura fue una ni\u00f1a prodigio, tenaz y temperamental que, bajo la influencia decisiva de su padre, empez\u00f3 a bailar en el cuerpo de baile del Teatro Principal de Barcelona en 1870. Despu\u00e9s de actuar en el Teatro Euterpe de Reus y el T\u00edvoli de Vilanova i la Geltr\u00fa, emprendi\u00f3 una gira por Hamburgo, Mil\u00e1n, Viena, Roma y Berl\u00edn. Recibi\u00f3 las primeras lecciones a ra\u00edz de una estancia en el Teatro Liceu de Barcelona del bailar\u00edn y core\u00f3grafo belga Henri Dervine. Tras actuar en el Liceu, la direcci\u00f3n del Teatro Principal la reclam\u00f3 como primera bailarina y empez\u00f3 la temporada bajo la direcci\u00f3n de Teodor Roca, como pareja de los bailarines Vicente Moreno y Manuel Panadero.<\/p>\t\t\t\t\t\t\t\t<\/div>\n\t\t\t\t<div class=\"elementor-element elementor-element-7fb3896 elementor-widget__width-initial elementor-widget elementor-widget-text-editor\" data-id=\"7fb3896\" data-element_type=\"widget\" data-e-type=\"widget\" data-widget_type=\"text-editor.default\">\n\t\t\t\t\t\t\t\t\t<p>En 1877 actu\u00f3 en la Scala de Mil\u00e1n, donde el compositor franc\u00e9s Charles Gounod la vio bailar e hizo que la contrataran en la \u00d3pera de Par\u00eds, donde estren\u00f3 el ballet de su \u00f3pera Polyeucte. A partir de entonces se convirti\u00f3 en la estrella principal de este teatro. All\u00ed estren\u00f3 el ballet La Korrigane, en 1880, escrito expresamente para ella por el compositor Charles Widor, y en 1886, estren\u00f3 Les deux pigeons de Messager.<\/p>\t\t\t\t\t\t\t\t<\/div>\n\t\t\t\t<div class=\"elementor-element elementor-element-acb78e5 elementor-widget__width-initial elementor-widget elementor-widget-text-editor\" data-id=\"acb78e5\" data-element_type=\"widget\" data-e-type=\"widget\" data-widget_type=\"text-editor.default\">\n\t\t\t\t\t\t\t\t\t<p>Fue memorable su interpretaci\u00f3n del ballet Silvia de Leo Delibes, as\u00ed como tambi\u00e9n lo fue el ballet de \u00f3pera El Cid de Massenet. Adem\u00e1s, naturalmente, intervino en los ballets de las \u00f3peras que se representaban en la \u00d3pera de Par\u00eds y en los principales teatros de Europa. Adquiri\u00f3 gran fama y popularidad tanto por su talento y su t\u00e9cnica como por su personalidad, a causa de su car\u00e1cter temperamental y su encanto personal, que fue una fuente de inspiraci\u00f3n para numerosos artistas que la inmortalizaron en sus obras, como los escultores Bensi, Puesch, Marqueste, Euxebi, Arnau\u2026, y los pintores Edgar Degas, L\u00e8pic, Andreszorna, Bonnat, M. Bertier, Manet\u2026<\/p>\t\t\t\t\t\t\t\t<\/div>\n\t\t\t\t<div class=\"elementor-element elementor-element-f77fcb3 elementor-widget__width-initial elementor-widget elementor-widget-text-editor\" data-id=\"f77fcb3\" data-element_type=\"widget\" data-e-type=\"widget\" data-widget_type=\"text-editor.default\">\n\t\t\t\t\t\t\t\t\t<p>Al retirarse como bailarina, fue contratada como profesora de danza con car\u00e1cter vitalicio para el Conservatorio de la \u00d3pera de Par\u00eds.<\/p><p>Muri\u00f3 en la capital francesa en 1923, a la edad de 73 a\u00f1os, y fue enterrada en el pante\u00f3n familiar del cementerio de Montparnasse.<\/p>\t\t\t\t\t\t\t\t<\/div>\n\t\t\t\t<\/div>\n\t\t\t\t<\/div>\n\t\t\t\t\t<\/div>\n\t\t\t\t<\/div>\n\t\t\t\t<\/div>\n\t\t","protected":false},"excerpt":{"rendered":"<p>El Premio Internacional de Danza Roseta Mauri, que se celebra des del 2002, nace con la idea de dar a conocer el talento de j\u00f3venes bailarines e impulsar a su carrera art\u00edstica. Se trata de un concurso internacional y es el que est\u00e1 mejor dotado econ\u00f3micamente del Estado Espa\u00f1ol. La Fundaci\u00f3n del Teatre Fortuny con [&hellip;]<\/p>\n","protected":false},"author":1,"featured_media":2408,"parent":0,"menu_order":0,"comment_status":"closed","ping_status":"closed","template":"","meta":{"footnotes":""},"class_list":["post-2409","page","type-page","status-publish","has-post-thumbnail","hentry"],"yoast_head":"<!-- This site is optimized with the Yoast SEO plugin v27.2 - https:\/\/yoast.com\/product\/yoast-seo-wordpress\/ -->\n<title>Premi Internacional de Dansa Roseta Mauri - El Premio<\/title>\n<meta name=\"description\" content=\"La Fundaci\u00f3 del Teatre Fortuny convoca bianualmente este premio que amb m\u00e9s de vint anys de trayectoria i dos ediciones realizadas\" \/>\n<meta name=\"robots\" content=\"index, follow, max-snippet:-1, max-image-preview:large, max-video-preview:-1\" \/>\n<link rel=\"canonical\" href=\"https:\/\/rosetamauri.org\/es\/el-premio\/\" \/>\n<meta property=\"og:locale\" content=\"es_ES\" \/>\n<meta property=\"og:type\" content=\"article\" \/>\n<meta property=\"og:title\" content=\"Premi Internacional de Dansa Roseta Mauri - El Premio\" \/>\n<meta property=\"og:description\" content=\"La Fundaci\u00f3 del Teatre Fortuny convoca bianualmente este premio que amb m\u00e9s de vint anys de trayectoria i dos ediciones realizadas\" \/>\n<meta property=\"og:url\" content=\"https:\/\/rosetamauri.org\/es\/el-premio\/\" \/>\n<meta property=\"og:site_name\" content=\"Premi Internacional de Dansa Roseta Mauri\" \/>\n<meta property=\"article:modified_time\" content=\"2025-09-30T13:15:05+00:00\" \/>\n<meta property=\"og:image\" content=\"https:\/\/rosetamauri.org\/wp-content\/uploads\/2025\/09\/Edgar_Germain_Hilaire_Degas_018.webp\" \/>\n\t<meta property=\"og:image:width\" content=\"1920\" \/>\n\t<meta property=\"og:image:height\" content=\"837\" \/>\n\t<meta property=\"og:image:type\" content=\"image\/webp\" \/>\n<meta name=\"twitter:card\" content=\"summary_large_image\" \/>\n<meta name=\"twitter:label1\" content=\"Tiempo de lectura\" \/>\n\t<meta name=\"twitter:data1\" content=\"4 minutos\" \/>\n<script type=\"application\/ld+json\" class=\"yoast-schema-graph\">{\"@context\":\"https:\/\/schema.org\",\"@graph\":[{\"@type\":\"WebPage\",\"@id\":\"https:\/\/rosetamauri.org\/es\/el-premio\/\",\"url\":\"https:\/\/rosetamauri.org\/es\/el-premio\/\",\"name\":\"Premi Internacional de Dansa Roseta Mauri - El Premio\",\"isPartOf\":{\"@id\":\"https:\/\/rosetamauri.org\/es\/#website\"},\"primaryImageOfPage\":{\"@id\":\"https:\/\/rosetamauri.org\/es\/el-premio\/#primaryimage\"},\"image\":{\"@id\":\"https:\/\/rosetamauri.org\/es\/el-premio\/#primaryimage\"},\"thumbnailUrl\":\"https:\/\/rosetamauri.org\/wp-content\/uploads\/2025\/09\/Edgar_Germain_Hilaire_Degas_018.webp\",\"datePublished\":\"2025-09-08T09:12:05+00:00\",\"dateModified\":\"2025-09-30T13:15:05+00:00\",\"description\":\"La Fundaci\u00f3 del Teatre Fortuny convoca bianualmente este premio que amb m\u00e9s de vint anys de trayectoria i dos ediciones realizadas\",\"breadcrumb\":{\"@id\":\"https:\/\/rosetamauri.org\/es\/el-premio\/#breadcrumb\"},\"inLanguage\":\"es\",\"potentialAction\":[{\"@type\":\"ReadAction\",\"target\":[\"https:\/\/rosetamauri.org\/es\/el-premio\/\"]}]},{\"@type\":\"ImageObject\",\"inLanguage\":\"es\",\"@id\":\"https:\/\/rosetamauri.org\/es\/el-premio\/#primaryimage\",\"url\":\"https:\/\/rosetamauri.org\/wp-content\/uploads\/2025\/09\/Edgar_Germain_Hilaire_Degas_018.webp\",\"contentUrl\":\"https:\/\/rosetamauri.org\/wp-content\/uploads\/2025\/09\/Edgar_Germain_Hilaire_Degas_018.webp\",\"width\":1920,\"height\":837},{\"@type\":\"BreadcrumbList\",\"@id\":\"https:\/\/rosetamauri.org\/es\/el-premio\/#breadcrumb\",\"itemListElement\":[{\"@type\":\"ListItem\",\"position\":1,\"name\":\"Inici\",\"item\":\"https:\/\/rosetamauri.org\/es\/\"},{\"@type\":\"ListItem\",\"position\":2,\"name\":\"El Premio\"}]},{\"@type\":\"WebSite\",\"@id\":\"https:\/\/rosetamauri.org\/es\/#website\",\"url\":\"https:\/\/rosetamauri.org\/es\/\",\"name\":\"Premi Internacional de Dansa Roseta Mauri\",\"description\":\"Impulsem el talent dels joves ballarins.\",\"potentialAction\":[{\"@type\":\"SearchAction\",\"target\":{\"@type\":\"EntryPoint\",\"urlTemplate\":\"https:\/\/rosetamauri.org\/es\/?s={search_term_string}\"},\"query-input\":{\"@type\":\"PropertyValueSpecification\",\"valueRequired\":true,\"valueName\":\"search_term_string\"}}],\"inLanguage\":\"es\"}]}<\/script>\n<!-- \/ Yoast SEO plugin. -->","yoast_head_json":{"title":"Premi Internacional de Dansa Roseta Mauri - El Premio","description":"La Fundaci\u00f3 del Teatre Fortuny convoca bianualmente este premio que amb m\u00e9s de vint anys de trayectoria i dos ediciones realizadas","robots":{"index":"index","follow":"follow","max-snippet":"max-snippet:-1","max-image-preview":"max-image-preview:large","max-video-preview":"max-video-preview:-1"},"canonical":"https:\/\/rosetamauri.org\/es\/el-premio\/","og_locale":"es_ES","og_type":"article","og_title":"Premi Internacional de Dansa Roseta Mauri - El Premio","og_description":"La Fundaci\u00f3 del Teatre Fortuny convoca bianualmente este premio que amb m\u00e9s de vint anys de trayectoria i dos ediciones realizadas","og_url":"https:\/\/rosetamauri.org\/es\/el-premio\/","og_site_name":"Premi Internacional de Dansa Roseta Mauri","article_modified_time":"2025-09-30T13:15:05+00:00","og_image":[{"width":1920,"height":837,"url":"https:\/\/rosetamauri.org\/wp-content\/uploads\/2025\/09\/Edgar_Germain_Hilaire_Degas_018.webp","type":"image\/webp"}],"twitter_card":"summary_large_image","twitter_misc":{"Tiempo de lectura":"4 minutos"},"schema":{"@context":"https:\/\/schema.org","@graph":[{"@type":"WebPage","@id":"https:\/\/rosetamauri.org\/es\/el-premio\/","url":"https:\/\/rosetamauri.org\/es\/el-premio\/","name":"Premi Internacional de Dansa Roseta Mauri - El Premio","isPartOf":{"@id":"https:\/\/rosetamauri.org\/es\/#website"},"primaryImageOfPage":{"@id":"https:\/\/rosetamauri.org\/es\/el-premio\/#primaryimage"},"image":{"@id":"https:\/\/rosetamauri.org\/es\/el-premio\/#primaryimage"},"thumbnailUrl":"https:\/\/rosetamauri.org\/wp-content\/uploads\/2025\/09\/Edgar_Germain_Hilaire_Degas_018.webp","datePublished":"2025-09-08T09:12:05+00:00","dateModified":"2025-09-30T13:15:05+00:00","description":"La Fundaci\u00f3 del Teatre Fortuny convoca bianualmente este premio que amb m\u00e9s de vint anys de trayectoria i dos ediciones realizadas","breadcrumb":{"@id":"https:\/\/rosetamauri.org\/es\/el-premio\/#breadcrumb"},"inLanguage":"es","potentialAction":[{"@type":"ReadAction","target":["https:\/\/rosetamauri.org\/es\/el-premio\/"]}]},{"@type":"ImageObject","inLanguage":"es","@id":"https:\/\/rosetamauri.org\/es\/el-premio\/#primaryimage","url":"https:\/\/rosetamauri.org\/wp-content\/uploads\/2025\/09\/Edgar_Germain_Hilaire_Degas_018.webp","contentUrl":"https:\/\/rosetamauri.org\/wp-content\/uploads\/2025\/09\/Edgar_Germain_Hilaire_Degas_018.webp","width":1920,"height":837},{"@type":"BreadcrumbList","@id":"https:\/\/rosetamauri.org\/es\/el-premio\/#breadcrumb","itemListElement":[{"@type":"ListItem","position":1,"name":"Inici","item":"https:\/\/rosetamauri.org\/es\/"},{"@type":"ListItem","position":2,"name":"El Premio"}]},{"@type":"WebSite","@id":"https:\/\/rosetamauri.org\/es\/#website","url":"https:\/\/rosetamauri.org\/es\/","name":"Premi Internacional de Dansa Roseta Mauri","description":"Impulsem el talent dels joves ballarins.","potentialAction":[{"@type":"SearchAction","target":{"@type":"EntryPoint","urlTemplate":"https:\/\/rosetamauri.org\/es\/?s={search_term_string}"},"query-input":{"@type":"PropertyValueSpecification","valueRequired":true,"valueName":"search_term_string"}}],"inLanguage":"es"}]}},"_links":{"self":[{"href":"https:\/\/rosetamauri.org\/es\/wp-json\/wp\/v2\/pages\/2409","targetHints":{"allow":["GET"]}}],"collection":[{"href":"https:\/\/rosetamauri.org\/es\/wp-json\/wp\/v2\/pages"}],"about":[{"href":"https:\/\/rosetamauri.org\/es\/wp-json\/wp\/v2\/types\/page"}],"author":[{"embeddable":true,"href":"https:\/\/rosetamauri.org\/es\/wp-json\/wp\/v2\/users\/1"}],"replies":[{"embeddable":true,"href":"https:\/\/rosetamauri.org\/es\/wp-json\/wp\/v2\/comments?post=2409"}],"version-history":[{"count":6,"href":"https:\/\/rosetamauri.org\/es\/wp-json\/wp\/v2\/pages\/2409\/revisions"}],"predecessor-version":[{"id":2656,"href":"https:\/\/rosetamauri.org\/es\/wp-json\/wp\/v2\/pages\/2409\/revisions\/2656"}],"wp:featuredmedia":[{"embeddable":true,"href":"https:\/\/rosetamauri.org\/es\/wp-json\/wp\/v2\/media\/2408"}],"wp:attachment":[{"href":"https:\/\/rosetamauri.org\/es\/wp-json\/wp\/v2\/media?parent=2409"}],"curies":[{"name":"wp","href":"https:\/\/api.w.org\/{rel}","templated":true}]}}