{"id":2403,"date":"2025-09-08T12:16:22","date_gmt":"2025-09-08T10:16:22","guid":{"rendered":"https:\/\/roseta-mauri.c.wetopi.com\/about-us\/"},"modified":"2025-09-23T13:13:02","modified_gmt":"2025-09-23T11:13:02","slug":"about-us","status":"publish","type":"page","link":"https:\/\/rosetamauri.org\/en\/about-us\/","title":{"rendered":"About us"},"content":{"rendered":"\t\t<div data-elementor-type=\"wp-page\" data-elementor-id=\"2403\" class=\"elementor elementor-2403 elementor-280\" data-elementor-post-type=\"page\">\n\t\t\t\t<div class=\"elementor-element elementor-element-efc4a9c e-con-full e-flex e-con e-parent\" data-id=\"efc4a9c\" data-element_type=\"container\" data-e-type=\"container\">\n\t\t\t\t<div class=\"elementor-element elementor-element-c8684ce elementor-widget elementor-widget-heading\" data-id=\"c8684ce\" data-element_type=\"widget\" data-e-type=\"widget\" data-widget_type=\"heading.default\">\n\t\t\t\t\t<h1 class=\"elementor-heading-title elementor-size-default\">About us<\/h1>\t\t\t\t<\/div>\n\t\t\t\t<div class=\"elementor-element elementor-element-176c6d7 elementor-widget elementor-widget-image\" data-id=\"176c6d7\" data-element_type=\"widget\" data-e-type=\"widget\" data-widget_type=\"image.default\">\n\t\t\t\t\t\t\t\t\t\t\t\t\t\t\t<img fetchpriority=\"high\" decoding=\"async\" width=\"1108\" height=\"360\" src=\"https:\/\/rosetamauri.org\/wp-content\/uploads\/2025\/09\/fundacio-teatre-fortuny-historia.webp\" class=\"attachment-full size-full wp-image-2402\" alt=\"\" srcset=\"https:\/\/rosetamauri.org\/wp-content\/uploads\/2025\/09\/fundacio-teatre-fortuny-historia.webp 1108w, https:\/\/rosetamauri.org\/wp-content\/uploads\/2025\/09\/fundacio-teatre-fortuny-historia-300x97.webp 300w, https:\/\/rosetamauri.org\/wp-content\/uploads\/2025\/09\/fundacio-teatre-fortuny-historia-1024x333.webp 1024w, https:\/\/rosetamauri.org\/wp-content\/uploads\/2025\/09\/fundacio-teatre-fortuny-historia-768x250.webp 768w\" sizes=\"(max-width: 1108px) 100vw, 1108px\" \/>\t\t\t\t\t\t\t\t\t\t\t\t\t\t\t<\/div>\n\t\t\t\t<\/div>\n\t\t<div class=\"elementor-element elementor-element-08a9ce8 e-flex e-con-boxed e-con e-parent\" data-id=\"08a9ce8\" data-element_type=\"container\" data-e-type=\"container\">\n\t\t\t\t\t<div class=\"e-con-inner\">\n\t\t\t\t<div class=\"elementor-element elementor-element-dc0f83e elementor-widget__width-initial elementor-widget elementor-widget-text-editor\" data-id=\"dc0f83e\" data-element_type=\"widget\" data-e-type=\"widget\" data-widget_type=\"text-editor.default\">\n\t\t\t\t\t\t\t\t\t<p>The competition is an initiative of the <a href=\"https:\/\/fundacioteatrefortuny.org\/#inici\">Fortuny Theatre Private Foundation<\/a> in <strong>collaboration with<\/strong> the Fortuny Theatre Consortium of Reus. The Fortuny Theatre Foundation was established to consolidate and stimulate the various cultural outreach and promotional activities that take place within the Theatre, alongside its regular schedule of performances.<\/p>\t\t\t\t\t\t\t\t<\/div>\n\t\t\t\t\t<\/div>\n\t\t\t\t<\/div>\n\t\t<div class=\"elementor-element elementor-element-924d2f2 e-flex e-con-boxed e-con e-parent\" data-id=\"924d2f2\" data-element_type=\"container\" data-e-type=\"container\">\n\t\t\t\t\t<div class=\"e-con-inner\">\n\t\t\t\t<div class=\"elementor-element elementor-element-03e8185 elementor-widget__width-initial elementor-widget elementor-widget-heading\" data-id=\"03e8185\" data-element_type=\"widget\" data-e-type=\"widget\" data-widget_type=\"heading.default\">\n\t\t\t\t\t<h2 class=\"elementor-heading-title elementor-size-default\">Team<\/h2>\t\t\t\t<\/div>\n\t\t\t\t<div class=\"elementor-element elementor-element-e5a01e7 elementor-widget__width-initial elementor-widget elementor-widget-text-editor\" data-id=\"e5a01e7\" data-element_type=\"widget\" data-e-type=\"widget\" data-widget_type=\"text-editor.default\">\n\t\t\t\t\t\t\t\t\t<p><em><strong>Executive board<\/strong><\/em><\/p><p>Maria Dolors Sard\u00e0 (President)<br>Santi Vila<br>Anton Brufau<br>Montse Grau<br>Imma Mis<br>Eliseu B\u00e0rcena<br>Meritxell Barber\u00e0<\/p>\t\t\t\t\t\t\t\t<\/div>\n\t\t\t\t<div class=\"elementor-element elementor-element-4cca8dd elementor-widget__width-initial elementor-widget elementor-widget-text-editor\" data-id=\"4cca8dd\" data-element_type=\"widget\" data-e-type=\"widget\" data-widget_type=\"text-editor.default\">\n\t\t\t\t\t\t\t\t\t<p><strong><em>Artistic coordination<\/em> \u2014 <\/strong>Cristina de Anciola<br><strong><em>Comunicaci\u00f3<\/em> \u2014 <\/strong>Cl\u00e0udia Brufau<br><strong><em>Secretaria T\u00e8cnica<\/em> \u2014 <\/strong>Kika Fallada<br><em><strong>Equip Teatre Fortuny<\/strong><\/em><br><strong><em>Identitat gr\u00e0fica i web<\/em> \u2014 <\/strong>Opisso Studio<\/p>\t\t\t\t\t\t\t\t<\/div>\n\t\t\t\t\t<\/div>\n\t\t\t\t<\/div>\n\t\t\t\t<\/div>\n\t\t","protected":false},"excerpt":{"rendered":"<p>The competition is an initiative of the Fortuny Theatre Private Foundation in collaboration with the Fortuny Theatre Consortium of Reus. The Fortuny Theatre Foundation was established to consolidate and stimulate the various cultural outreach and promotional activities that take place within the Theatre, alongside its regular schedule of performances. Team Executive board Maria Dolors Sard\u00e0 [&hellip;]<\/p>\n","protected":false},"author":1,"featured_media":2402,"parent":0,"menu_order":0,"comment_status":"closed","ping_status":"closed","template":"","meta":{"footnotes":""},"class_list":["post-2403","page","type-page","status-publish","has-post-thumbnail","hentry"],"yoast_head":"<!-- This site is optimized with the Yoast SEO plugin v27.2 - https:\/\/yoast.com\/product\/yoast-seo-wordpress\/ -->\n<title>Premi Internacional de Dansa Roseta Mauri - About us<\/title>\n<meta name=\"description\" content=\"La Fundaci\u00f3 Privada del Teatre Fortuny impulsa el concurs el Consorci del Teatre Fortuny de Reus.\" \/>\n<meta name=\"robots\" content=\"index, follow, max-snippet:-1, max-image-preview:large, max-video-preview:-1\" \/>\n<link rel=\"canonical\" href=\"https:\/\/rosetamauri.org\/en\/about-us\/\" \/>\n<meta property=\"og:locale\" content=\"en_US\" \/>\n<meta property=\"og:type\" content=\"article\" \/>\n<meta property=\"og:title\" content=\"Premi Internacional de Dansa Roseta Mauri - About us\" \/>\n<meta property=\"og:description\" content=\"La Fundaci\u00f3 Privada del Teatre Fortuny impulsa el concurs el Consorci del Teatre Fortuny de Reus.\" \/>\n<meta property=\"og:url\" content=\"https:\/\/rosetamauri.org\/en\/about-us\/\" \/>\n<meta property=\"og:site_name\" content=\"Premi Internacional de Dansa Roseta Mauri\" \/>\n<meta property=\"article:modified_time\" content=\"2025-09-23T11:13:02+00:00\" \/>\n<meta property=\"og:image\" content=\"https:\/\/rosetamauri.org\/wp-content\/uploads\/2025\/09\/fundacio-teatre-fortuny-historia.webp\" \/>\n\t<meta property=\"og:image:width\" content=\"1108\" \/>\n\t<meta property=\"og:image:height\" content=\"360\" \/>\n\t<meta property=\"og:image:type\" content=\"image\/webp\" \/>\n<meta name=\"twitter:card\" content=\"summary_large_image\" \/>\n<script type=\"application\/ld+json\" class=\"yoast-schema-graph\">{\"@context\":\"https:\/\/schema.org\",\"@graph\":[{\"@type\":\"WebPage\",\"@id\":\"https:\/\/rosetamauri.org\/en\/about-us\/\",\"url\":\"https:\/\/rosetamauri.org\/en\/about-us\/\",\"name\":\"Premi Internacional de Dansa Roseta Mauri - About us\",\"isPartOf\":{\"@id\":\"https:\/\/rosetamauri.org\/en\/#website\"},\"primaryImageOfPage\":{\"@id\":\"https:\/\/rosetamauri.org\/en\/about-us\/#primaryimage\"},\"image\":{\"@id\":\"https:\/\/rosetamauri.org\/en\/about-us\/#primaryimage\"},\"thumbnailUrl\":\"https:\/\/rosetamauri.org\/wp-content\/uploads\/2025\/09\/fundacio-teatre-fortuny-historia.webp\",\"datePublished\":\"2025-09-08T10:16:22+00:00\",\"dateModified\":\"2025-09-23T11:13:02+00:00\",\"description\":\"La Fundaci\u00f3 Privada del Teatre Fortuny impulsa el concurs el Consorci del Teatre Fortuny de Reus.\",\"breadcrumb\":{\"@id\":\"https:\/\/rosetamauri.org\/en\/about-us\/#breadcrumb\"},\"inLanguage\":\"en-US\",\"potentialAction\":[{\"@type\":\"ReadAction\",\"target\":[\"https:\/\/rosetamauri.org\/en\/about-us\/\"]}]},{\"@type\":\"ImageObject\",\"inLanguage\":\"en-US\",\"@id\":\"https:\/\/rosetamauri.org\/en\/about-us\/#primaryimage\",\"url\":\"https:\/\/rosetamauri.org\/wp-content\/uploads\/2025\/09\/fundacio-teatre-fortuny-historia.webp\",\"contentUrl\":\"https:\/\/rosetamauri.org\/wp-content\/uploads\/2025\/09\/fundacio-teatre-fortuny-historia.webp\",\"width\":1108,\"height\":360},{\"@type\":\"BreadcrumbList\",\"@id\":\"https:\/\/rosetamauri.org\/en\/about-us\/#breadcrumb\",\"itemListElement\":[{\"@type\":\"ListItem\",\"position\":1,\"name\":\"Inici\",\"item\":\"https:\/\/rosetamauri.org\/en\/xii-edition\/\"},{\"@type\":\"ListItem\",\"position\":2,\"name\":\"About us\"}]},{\"@type\":\"WebSite\",\"@id\":\"https:\/\/rosetamauri.org\/en\/#website\",\"url\":\"https:\/\/rosetamauri.org\/en\/\",\"name\":\"Premi Internacional de Dansa Roseta Mauri\",\"description\":\"Impulsem el talent dels joves ballarins.\",\"potentialAction\":[{\"@type\":\"SearchAction\",\"target\":{\"@type\":\"EntryPoint\",\"urlTemplate\":\"https:\/\/rosetamauri.org\/en\/?s={search_term_string}\"},\"query-input\":{\"@type\":\"PropertyValueSpecification\",\"valueRequired\":true,\"valueName\":\"search_term_string\"}}],\"inLanguage\":\"en-US\"}]}<\/script>\n<!-- \/ Yoast SEO plugin. -->","yoast_head_json":{"title":"Premi Internacional de Dansa Roseta Mauri - About us","description":"La Fundaci\u00f3 Privada del Teatre Fortuny impulsa el concurs el Consorci del Teatre Fortuny de Reus.","robots":{"index":"index","follow":"follow","max-snippet":"max-snippet:-1","max-image-preview":"max-image-preview:large","max-video-preview":"max-video-preview:-1"},"canonical":"https:\/\/rosetamauri.org\/en\/about-us\/","og_locale":"en_US","og_type":"article","og_title":"Premi Internacional de Dansa Roseta Mauri - About us","og_description":"La Fundaci\u00f3 Privada del Teatre Fortuny impulsa el concurs el Consorci del Teatre Fortuny de Reus.","og_url":"https:\/\/rosetamauri.org\/en\/about-us\/","og_site_name":"Premi Internacional de Dansa Roseta Mauri","article_modified_time":"2025-09-23T11:13:02+00:00","og_image":[{"width":1108,"height":360,"url":"https:\/\/rosetamauri.org\/wp-content\/uploads\/2025\/09\/fundacio-teatre-fortuny-historia.webp","type":"image\/webp"}],"twitter_card":"summary_large_image","schema":{"@context":"https:\/\/schema.org","@graph":[{"@type":"WebPage","@id":"https:\/\/rosetamauri.org\/en\/about-us\/","url":"https:\/\/rosetamauri.org\/en\/about-us\/","name":"Premi Internacional de Dansa Roseta Mauri - About us","isPartOf":{"@id":"https:\/\/rosetamauri.org\/en\/#website"},"primaryImageOfPage":{"@id":"https:\/\/rosetamauri.org\/en\/about-us\/#primaryimage"},"image":{"@id":"https:\/\/rosetamauri.org\/en\/about-us\/#primaryimage"},"thumbnailUrl":"https:\/\/rosetamauri.org\/wp-content\/uploads\/2025\/09\/fundacio-teatre-fortuny-historia.webp","datePublished":"2025-09-08T10:16:22+00:00","dateModified":"2025-09-23T11:13:02+00:00","description":"La Fundaci\u00f3 Privada del Teatre Fortuny impulsa el concurs el Consorci del Teatre Fortuny de Reus.","breadcrumb":{"@id":"https:\/\/rosetamauri.org\/en\/about-us\/#breadcrumb"},"inLanguage":"en-US","potentialAction":[{"@type":"ReadAction","target":["https:\/\/rosetamauri.org\/en\/about-us\/"]}]},{"@type":"ImageObject","inLanguage":"en-US","@id":"https:\/\/rosetamauri.org\/en\/about-us\/#primaryimage","url":"https:\/\/rosetamauri.org\/wp-content\/uploads\/2025\/09\/fundacio-teatre-fortuny-historia.webp","contentUrl":"https:\/\/rosetamauri.org\/wp-content\/uploads\/2025\/09\/fundacio-teatre-fortuny-historia.webp","width":1108,"height":360},{"@type":"BreadcrumbList","@id":"https:\/\/rosetamauri.org\/en\/about-us\/#breadcrumb","itemListElement":[{"@type":"ListItem","position":1,"name":"Inici","item":"https:\/\/rosetamauri.org\/en\/xii-edition\/"},{"@type":"ListItem","position":2,"name":"About us"}]},{"@type":"WebSite","@id":"https:\/\/rosetamauri.org\/en\/#website","url":"https:\/\/rosetamauri.org\/en\/","name":"Premi Internacional de Dansa Roseta Mauri","description":"Impulsem el talent dels joves ballarins.","potentialAction":[{"@type":"SearchAction","target":{"@type":"EntryPoint","urlTemplate":"https:\/\/rosetamauri.org\/en\/?s={search_term_string}"},"query-input":{"@type":"PropertyValueSpecification","valueRequired":true,"valueName":"search_term_string"}}],"inLanguage":"en-US"}]}},"_links":{"self":[{"href":"https:\/\/rosetamauri.org\/en\/wp-json\/wp\/v2\/pages\/2403","targetHints":{"allow":["GET"]}}],"collection":[{"href":"https:\/\/rosetamauri.org\/en\/wp-json\/wp\/v2\/pages"}],"about":[{"href":"https:\/\/rosetamauri.org\/en\/wp-json\/wp\/v2\/types\/page"}],"author":[{"embeddable":true,"href":"https:\/\/rosetamauri.org\/en\/wp-json\/wp\/v2\/users\/1"}],"replies":[{"embeddable":true,"href":"https:\/\/rosetamauri.org\/en\/wp-json\/wp\/v2\/comments?post=2403"}],"version-history":[{"count":4,"href":"https:\/\/rosetamauri.org\/en\/wp-json\/wp\/v2\/pages\/2403\/revisions"}],"predecessor-version":[{"id":2426,"href":"https:\/\/rosetamauri.org\/en\/wp-json\/wp\/v2\/pages\/2403\/revisions\/2426"}],"wp:featuredmedia":[{"embeddable":true,"href":"https:\/\/rosetamauri.org\/en\/wp-json\/wp\/v2\/media\/2402"}],"wp:attachment":[{"href":"https:\/\/rosetamauri.org\/en\/wp-json\/wp\/v2\/media?parent=2403"}],"curies":[{"name":"wp","href":"https:\/\/api.w.org\/{rel}","templated":true}]}}